{"id":2230,"date":"2021-05-10T12:59:25","date_gmt":"2021-05-10T10:59:25","guid":{"rendered":"https:\/\/eolmed.qair.energy\/the-stages\/"},"modified":"2023-12-04T14:45:49","modified_gmt":"2023-12-04T13:45:49","slug":"the-stages","status":"publish","type":"page","link":"https:\/\/eolmed.qair.energy\/en\/the-stages\/","title":{"rendered":"The stages"},"content":{"rendered":"<div class=\"wpb-content-wrapper\">[mk_page_section vertical_align=&#8221;top&#8221; bg_repeat=&#8221;no-repeat&#8221; bg_stretch=&#8221;true&#8221; enable_3d=&#8221;true&#8221; full_width=&#8221;true&#8221; full_height=&#8221;true&#8221; padding_top=&#8221;0&#8243; padding_bottom=&#8221;0&#8243; el_class=&#8221;section-slider&#8221; sidebar=&#8221;sidebar-1&#8243;][vc_column]\n\t\t\t<!-- START Slider Etapes REVOLUTION SLIDER 6.5.11 --><p class=\"rs-p-wp-fix\"><\/p>\n\t\t\t<rs-module-wrap id=\"rev_slider_5_1_wrapper\" data-source=\"gallery\" style=\"visibility:hidden;background:transparent;padding:0;\">\n\t\t\t\t<rs-module id=\"rev_slider_5_1\" style=\"\" data-version=\"6.5.11\">\n\t\t\t\t\t<rs-slides>\n\t\t\t\t\t\t<rs-slide style=\"position: absolute;\" data-key=\"rs-12\" data-title=\"Slide\" data-anim=\"ms:10;\" data-in=\"o:1;\" data-out=\"a:false;\" class=\"bg-image\">\n\t\t\t\t\t\t\t<img loading=\"lazy\" decoding=\"async\" src=\"\/\/eolmed.qair.energy\/wp-content\/plugins\/revslider\/public\/assets\/assets\/dummy.png\" title=\"slider-etapes\" width=\"2560\" height=\"1441\" class=\"rev-slidebg tp-rs-img rs-lazyload\" data-lazyload=\"\/\/eolmed.qair.energy\/wp-content\/uploads\/2022\/03\/capture-decran-scaled.jpg\" data-no-retina>\n<!--\n\t\t\t\t\t\t\t--><p\n\t\t\t\t\t\t\t\tid=\"slider-5-slide-12-layer-2\" \n\t\t\t\t\t\t\t\tclass=\"rs-layer\"\n\t\t\t\t\t\t\t\tdata-type=\"text\"\n\t\t\t\t\t\t\t\tdata-rsp_ch=\"on\"\n\t\t\t\t\t\t\t\tdata-xy=\"x:c;y:m;yo:0,0,29px,29px;\"\n\t\t\t\t\t\t\t\tdata-text=\"w:normal;s:70;l:70,70,85,85;ls:NaN;fw:300;a:center;\"\n\t\t\t\t\t\t\t\tdata-dim=\"w:1218px,1218px,100%,100%;\"\n\t\t\t\t\t\t\t\tdata-frame_0=\"x:NaN;y:NaN;\"\n\t\t\t\t\t\t\t\tdata-frame_1=\"x:NaN;y:NaN;\"\n\t\t\t\t\t\t\t\tdata-frame_999=\"o:0;st:w;\"\n\t\t\t\t\t\t\t\tstyle=\"z-index:10;font-family:'Poppins';\"\n\t\t\t\t\t\t\t>On course for commissioning  \n\t\t\t\t\t\t\t<\/p><!--\n-->\t\t\t\t\t\t<\/rs-slide>\n\t\t\t\t\t<\/rs-slides>\n\t\t\t\t<\/rs-module>\n\t\t\t\t<script type=\"text\/javascript\">\n\t\t\t\t\tsetREVStartSize({c: 'rev_slider_5_1',rl:[1240,1240,778,778],el:[900,900,960,960],gw:[1220,1220,778,778],gh:[900,900,960,960],type:'standard',justify:'',layout:'fullscreen',offsetContainer:'',offset:'',mh:\"0\"});if (window.RS_MODULES!==undefined && window.RS_MODULES.modules!==undefined && window.RS_MODULES.modules[\"revslider51\"]!==undefined) {window.RS_MODULES.modules[\"revslider51\"].once = false;window.revapi5 = undefined;if (window.RS_MODULES.checkMinimal!==undefined) window.RS_MODULES.checkMinimal()}\n\t\t\t\t<\/script>\n\t\t\t<\/rs-module-wrap>\n\t\t\t<!-- END REVOLUTION SLIDER -->\n[\/vc_column][\/mk_page_section][mk_page_section padding_top=&#8221;45&#8243; padding_bottom=&#8221;45&#8243; el_class=&#8221;section-title-image&#8221; sidebar=&#8221;sidebar-1&#8243;][vc_column][vc_row_inner el_class=&#8221;row-bottom&#8221;][vc_column_inner el_class=&#8221;text-top&#8221;][vc_column_text el_class=&#8221;text-top&#8221; css=&#8221;.vc_custom_1622450459602{margin-bottom: 0px !important;}&#8221;]\n<h2>The stages<\/h2>\n[\/vc_column_text][vc_raw_html]JTNDaW1nJTIwc3JjJTNEJTIyaHR0cHMlM0ElMkYlMkZlb2xtZWQucWFpci5lbmVyZ3klMkZ3cC1jb250ZW50JTJGdXBsb2FkcyUyRjIwMjMlMkYxMiUyRmVvbG1lZC1jYWxlbmRyaWVyLWVuLXNjYWxlZC5qcGclMjIlMjB1c2VtYXAlM0QlMjIlMjNpbWFnZS1tYXAlMjIlM0UlMEElMEElM0NtYXAlMjBuYW1lJTNEJTIyaW1hZ2UtbWFwJTIyJTNFJTBBJTIwJTIwJTIwJTIwJTNDYXJlYSUyMHRhcmdldCUzRCUyMiUyMiUyMGFsdCUzRCUyMkNvbmNlcHRpb24lMjIlMjB0aXRsZSUzRCUyMkNvbmNlcHRpb24lMjIlMjBocmVmJTNEJTIyJTIzY29uY2VwdGlvbiUyMiUyMGNvb3JkcyUzRCUyMjE1NiUyQzEzMSUyQzkwNCUyQzEzNjAlMjIlMjBzaGFwZSUzRCUyMnJlY3QlMjIlM0UlMEElMjAlMjAlMjAlMjAlM0NhcmVhJTIwdGFyZ2V0JTNEJTIyJTIyJTIwYWx0JTNEJTIyUHIlQzMlQTktY29uc3RydWN0aW9uJTIyJTIwdGl0bGUlM0QlMjJQciVDMyVBOS1jb25zdHJ1Y3Rpb24lMjIlMjBocmVmJTNEJTIyJTIzY29uc3RydWN0aW9uJTIyJTIwY29vcmRzJTNEJTIyOTA0JTJDMTI1JTJDMTY1OCUyQzEzNjMlMjIlMjBzaGFwZSUzRCUyMnJlY3QlMjIlM0UlMEElMjAlMjAlMjAlMjAlM0NhcmVhJTIwdGFyZ2V0JTNEJTIyJTIyJTIwYWx0JTNEJTIyRXhwbG9pdGF0aW9uJTIyJTIwdGl0bGUlM0QlMjJFeHBsb2l0YXRpb24lMjIlMjBocmVmJTNEJTIyJTIzZXhwbG9pdGF0aW9uJTIyJTIwY29vcmRzJTNEJTIyMjUyNSUyQzEzNCUyQzMyMTclMkMxMzU3JTIyJTIwc2hhcGUlM0QlMjJyZWN0JTIyJTNFJTBBJTIwJTIwJTIwJTIwJTNDYXJlYSUyMHRhcmdldCUzRCUyMiUyMiUyMGFsdCUzRCUyMkNvbnN0cnVjdGlvbiUyMiUyMHRpdGxlJTNEJTIyQ29uc3RydWN0aW9uJTIyJTIwaHJlZiUzRCUyMiUyM2NvbnN0cnVjdGlvbiUyMiUyMGNvb3JkcyUzRCUyMjE2NjElMkMxMjglMkMyNTIyJTJDMTM1NCUyMiUyMHNoYXBlJTNEJTIycmVjdCUyMiUzRSUwQSUzQyUyRm1hcCUzRQ==[\/vc_raw_html][\/vc_column_inner][\/vc_row_inner][\/vc_column][\/mk_page_section][mk_page_section padding_top=&#8221;50&#8243; padding_bottom=&#8221;50&#8243; el_class=&#8221;section-text-image-column&#8221; sidebar=&#8221;sidebar-1&#8243;][vc_column][vc_row_inner el_class=&#8221;row-content&#8221; el_id=&#8221;conception&#8221;][vc_column_inner el_class=&#8221;left-part&#8221; width=&#8221;1\/2&#8243;][vc_column_text css=&#8221;.vc_custom_1651650075110{margin-bottom: 0px !important;}&#8221;]\n<h3 id=\"conception\">STAGE 1<\/h3>\n[\/vc_column_text][vc_column_text css=&#8221;.vc_custom_1622454299400{margin-bottom: 0px !important;}&#8221;]\n<h4>Design &amp; approval<\/h4>\n[\/vc_column_text][vc_column_text css=&#8221;.vc_custom_1622452786912{margin-bottom: 0px !important;}&#8221;]<strong>To involve the public in the project, the National Commission for Public Debate (CNDP) set up a consultation process in 2017.<\/strong><\/p>\n<p>The concertation was overseen by Mr. Jacques Roudier, guarantor appointed by the CNDP, to ensure the public had access to accurate information. This process enabled the different stakeholders to better understand and co-construct the project.[\/vc_column_text][\/vc_column_inner][vc_column_inner el_class=&#8221;right-part red&#8221; width=&#8221;1\/2&#8243;][vc_column_text css=&#8221;.vc_custom_1677058072218{margin-bottom: 0px !important;}&#8221;]<strong>Commissariat g\u00e9n\u00e9ral au d\u00e9veloppement durable (CGDD) praises the environmental impact study<\/strong><\/p>\n<p><em>&#8220;The impact study is comprehensive and qualitative. Despite its length, it is accessible and easy to read. The Environmental Authority highlights the importance of developing knowledge about marine and migratory land bird populations, as well as bats \u2013 which the pilot farms should enable and is necessary to transition to an industrial scale&#8221;.<\/em><\/p>\n<p><span class=\"btn-red\"><a href=\"https:\/\/eolmed.qair.energy\/wp-content\/uploads\/2023\/02\/aviscgdd.pdf\" target=\"_blank\" rel=\"noopener\">Find out more about the report<\/a><\/span>[\/vc_column_text][\/vc_column_inner][\/vc_row_inner][vc_row_inner el_class=&#8221;row-content&#8221; el_id=&#8221;construction&#8221;][vc_column_inner el_class=&#8221;left-part&#8221; width=&#8221;1\/2&#8243;][vc_column_text css=&#8221;.vc_custom_1651650085741{margin-bottom: 0px !important;}&#8221;]\n<h3 id=\"construction\">STAGE 2<\/h3>\n[\/vc_column_text][vc_column_text css=&#8221;.vc_custom_1622454304206{margin-bottom: 0px !important;}&#8221;]\n<h4>From pre-construction to construction<\/h4>\n[\/vc_column_text][vc_column_text css=&#8221;.vc_custom_1677058298111{margin-bottom: 0px !important;}&#8221;]<strong>The Eolmed pilot park project brings together industry leaders from across the Occitanie region.<\/strong><\/p>\n<p>The financing process for the park began at the end of 2021 and was completed in April 2022. Construction began on May 1, 2022.[\/vc_column_text][vc_column_text el_class=&#8221;title-3&#8243; css=&#8221;.vc_custom_1651650024350{margin-bottom: 0px !important;}&#8221;]\n<h3 id=\"exploitation\">STAGE 3<\/h3>\n[\/vc_column_text][vc_column_text css=&#8221;.vc_custom_1677058233050{margin-bottom: 0px !important;}&#8221;]\n<h4>Commissioning and operation<\/h4>\n[\/vc_column_text][vc_column_text css=&#8221;.vc_custom_1677058257398{margin-bottom: 0px !important;}&#8221;]<strong>Commissioning is scheduled for the 3rd quarter of 2024 for a minimum operating life of 20 years. <\/strong>[\/vc_column_text][\/vc_column_inner][vc_column_inner el_class=&#8221;right-part&#8221; width=&#8221;1\/2&#8243;][mk_image src=&#8221;https:\/\/eolmed.qair.energy\/wp-content\/uploads\/2023\/10\/eolmed-schema-occitanie-en-scaled.jpg&#8221; image_size=&#8221;full&#8221; margin_bottom=&#8221;0&#8243;][\/vc_column_inner][\/vc_row_inner][\/vc_column][\/mk_page_section]\n<\/div>","protected":false},"excerpt":{"rendered":"<p>[mk_page_section vertical_align=&#8221;top&#8221; bg_repeat=&#8221;no-repeat&#8221; bg_stretch=&#8221;true&#8221; enable_3d=&#8221;true&#8221; full_width=&#8221;true&#8221; full_height=&#8221;true&#8221; padding_top=&#8221;0&#8243; padding_bottom=&#8221;0&#8243; el_class=&#8221;section-slider&#8221; sidebar=&#8221;sidebar-1&#8243;][vc_column][\/vc_column][\/mk_page_section][mk_page_section padding_top=&#8221;45&#8243; padding_bottom=&#8221;45&#8243; el_class=&#8221;section-title-image&#8221; sidebar=&#8221;sidebar-1&#8243;][vc_column][vc_row_inner el_class=&#8221;row-bottom&#8221;][vc_column_inner el_class=&#8221;text-top&#8221;][vc_column_text el_class=&#8221;text-top&#8221; css=&#8221;.vc_custom_1622450459602{margin-bottom: 0px !important;}&#8221;] The stages [\/vc_column_text][vc_raw_html]JTNDaW1nJTIwc3JjJTNEJTIyaHR0cHMlM0ElMkYlMkZlb2xtZWQucWFpci5lbmVyZ3klMkZ3cC1jb250ZW50JTJGdXBsb2FkcyUyRjIwMjMlMkYxMiUyRmVvbG1lZC1jYWxlbmRyaWVyLWVuLXNjYWxlZC5qcGclMjIlMjB1c2VtYXAlM0QlMjIlMjNpbWFnZS1tYXAlMjIlM0UlMEElMEElM0NtYXAlMjBuYW1lJTNEJTIyaW1hZ2UtbWFwJTIyJTNFJTBBJTIwJTIwJTIwJTIwJTNDYXJlYSUyMHRhcmdldCUzRCUyMiUyMiUyMGFsdCUzRCUyMkNvbmNlcHRpb24lMjIlMjB0aXRsZSUzRCUyMkNvbmNlcHRpb24lMjIlMjBocmVmJTNEJTIyJTIzY29uY2VwdGlvbiUyMiUyMGNvb3JkcyUzRCUyMjE1NiUyQzEzMSUyQzkwNCUyQzEzNjAlMjIlMjBzaGFwZSUzRCUyMnJlY3QlMjIlM0UlMEElMjAlMjAlMjAlMjAlM0NhcmVhJTIwdGFyZ2V0JTNEJTIyJTIyJTIwYWx0JTNEJTIyUHIlQzMlQTktY29uc3RydWN0aW9uJTIyJTIwdGl0bGUlM0QlMjJQciVDMyVBOS1jb25zdHJ1Y3Rpb24lMjIlMjBocmVmJTNEJTIyJTIzY29uc3RydWN0aW9uJTIyJTIwY29vcmRzJTNEJTIyOTA0JTJDMTI1JTJDMTY1OCUyQzEzNjMlMjIlMjBzaGFwZSUzRCUyMnJlY3QlMjIlM0UlMEElMjAlMjAlMjAlMjAlM0NhcmVhJTIwdGFyZ2V0JTNEJTIyJTIyJTIwYWx0JTNEJTIyRXhwbG9pdGF0aW9uJTIyJTIwdGl0bGUlM0QlMjJFeHBsb2l0YXRpb24lMjIlMjBocmVmJTNEJTIyJTIzZXhwbG9pdGF0aW9uJTIyJTIwY29vcmRzJTNEJTIyMjUyNSUyQzEzNCUyQzMyMTclMkMxMzU3JTIyJTIwc2hhcGUlM0QlMjJyZWN0JTIyJTNFJTBBJTIwJTIwJTIwJTIwJTNDYXJlYSUyMHRhcmdldCUzRCUyMiUyMiUyMGFsdCUzRCUyMkNvbnN0cnVjdGlvbiUyMiUyMHRpdGxlJTNEJTIyQ29uc3RydWN0aW9uJTIyJTIwaHJlZiUzRCUyMiUyM2NvbnN0cnVjdGlvbiUyMiUyMGNvb3JkcyUzRCUyMjE2NjElMkMxMjglMkMyNTIyJTJDMTM1NCUyMiUyMHNoYXBlJTNEJTIycmVjdCUyMiUzRSUwQSUzQyUyRm1hcCUzRQ==[\/vc_raw_html][\/vc_column_inner][\/vc_row_inner][\/vc_column][\/mk_page_section][mk_page_section padding_top=&#8221;50&#8243; padding_bottom=&#8221;50&#8243; el_class=&#8221;section-text-image-column&#8221; sidebar=&#8221;sidebar-1&#8243;][vc_column][vc_row_inner el_class=&#8221;row-content&#8221; el_id=&#8221;conception&#8221;][vc_column_inner [&hellip;]<\/p>\n","protected":false},"author":1,"featured_media":0,"parent":0,"menu_order":2,"comment_status":"closed","ping_status":"closed","template":"","meta":{"footnotes":""},"class_list":["post-2230","page","type-page","status-publish","hentry"],"acf":[],"_links":{"self":[{"href":"https:\/\/eolmed.qair.energy\/en\/wp-json\/wp\/v2\/pages\/2230","targetHints":{"allow":["GET"]}}],"collection":[{"href":"https:\/\/eolmed.qair.energy\/en\/wp-json\/wp\/v2\/pages"}],"about":[{"href":"https:\/\/eolmed.qair.energy\/en\/wp-json\/wp\/v2\/types\/page"}],"author":[{"embeddable":true,"href":"https:\/\/eolmed.qair.energy\/en\/wp-json\/wp\/v2\/users\/1"}],"replies":[{"embeddable":true,"href":"https:\/\/eolmed.qair.energy\/en\/wp-json\/wp\/v2\/comments?post=2230"}],"version-history":[{"count":7,"href":"https:\/\/eolmed.qair.energy\/en\/wp-json\/wp\/v2\/pages\/2230\/revisions"}],"predecessor-version":[{"id":2372,"href":"https:\/\/eolmed.qair.energy\/en\/wp-json\/wp\/v2\/pages\/2230\/revisions\/2372"}],"wp:attachment":[{"href":"https:\/\/eolmed.qair.energy\/en\/wp-json\/wp\/v2\/media?parent=2230"}],"curies":[{"name":"wp","href":"https:\/\/api.w.org\/{rel}","templated":true}]}}